{"id":292,"date":"2022-06-10T19:13:13","date_gmt":"2022-06-10T17:13:13","guid":{"rendered":"http:\/\/4-berge-marsch.at\/?page_id=292"},"modified":"2022-06-10T19:13:13","modified_gmt":"2022-06-10T17:13:13","slug":"strecke","status":"publish","type":"page","link":"https:\/\/4bergemarsch.granitic.eu\/?page_id=292","title":{"rendered":"Strecke"},"content":{"rendered":"\n<p>Der \u261d\ufe0f<strong>Starts<\/strong>des 4-Berge-Marsch ist bei der <strong>Festhalle<\/strong> in <strong>Heinrichs\/Weitra<\/strong> \u261d\ufe0f.<br>Die <a href=\"https:\/\/www.alltrails.com\/explore\/map\/4-berge-marsch-2024-7137deb?u=m&amp;sh=plo1dw\" target=\"_blank\" rel=\"noreferrer noopener\">Strecke<\/a> verl\u00e4uft entlang des Erlebniswegs zum Mandelstein. \ud83e\udd17 <\/p>\n\n\n\n<p>Der Rest der Strecke verl\u00e4uft gleich wie 2023.<\/p>\n\n\n\n<p>Bei individuellen Alternativen\/Abk\u00fcrzungen der Teilnehmer, bitte unbedingt auf den markierten (Wander-)Wegen und \u00f6ffentlichen Stra\u00dfen bleiben\u261d\ufe0f, Danke!<\/p>\n\n\n\n<p>Hinweis: etwaige notwendige kurzfristige \u00c4nderungen vorbehalten &#8211; Markierungen beachten! \ud83d\ude43<\/p>\n\n\n\n<iframe loading=\"lazy\" class=\"alltrails\" src=\"https:\/\/www.alltrails.com\/widget\/map\/4-berge-marsch-2024-7137deb?u=m&#038;sh=plo1dw\" width=\"100%\" height=\"400\" frameborder=\"0\" scrolling=\"no\" marginheight=\"0\" marginwidth=\"0\" title=\"4-Berge-Marsch@AllTrails\"><\/iframe>\n\n\n\n<figure class=\"wp-block-image aligncenter size-full\"><img loading=\"lazy\" decoding=\"async\" width=\"342\" height=\"342\" src=\"http:\/\/4bergemarsch.granitic.eu\/wp-content\/uploads\/2024\/04\/4-Berge-Marsch-2024.png\" alt=\"4-Berge-Marsch@alltrails\" class=\"wp-image-378\" srcset=\"https:\/\/4bergemarsch.granitic.eu\/wp-content\/uploads\/2024\/04\/4-Berge-Marsch-2024.png 342w, https:\/\/4bergemarsch.granitic.eu\/wp-content\/uploads\/2024\/04\/4-Berge-Marsch-2024-300x300.png 300w, https:\/\/4bergemarsch.granitic.eu\/wp-content\/uploads\/2024\/04\/4-Berge-Marsch-2024-150x150.png 150w\" sizes=\"auto, (max-width: 342px) 100vw, 342px\" \/><figcaption class=\"wp-element-caption\">4-Berge-Marsch 2024<\/figcaption><\/figure>\n\n\n\n<div style=\"height:20px\" aria-hidden=\"true\" class=\"wp-block-spacer\"><\/div>\n\n\n\n<p>zum Nachlesen\/Nachschauen:<br>\u27a1 <a href=\"https:\/\/www.alltrails.com\/explore\/map\/4-berge-marsch-2023-cbfe568?u=m&amp;sh=plo1dw\" target=\"_blank\" rel=\"noreferrer noopener\">Strecke des 18. 4-Berge-Marsch 2023<\/a><br>\u27a1 <a href=\"https:\/\/www.alltrails.com\/explore\/map\/4-berge-marsch-6693a7a?u=m&amp;sh=plo1dw\" target=\"_blank\" rel=\"noreferrer noopener\">Strecke des 17. 4-Berge-Marsch 2022<\/a><\/p>\n","protected":false},"excerpt":{"rendered":"<p>Der \u261d\ufe0fStartsdes 4-Berge-Marsch ist bei der Festhalle in Heinrichs\/Weitra \u261d\ufe0f.Die Strecke verl\u00e4uft entlang des Erlebniswegs zum Mandelstein. \ud83e\udd17 Der Rest [&hellip;]<\/p>\n","protected":false},"author":2,"featured_media":0,"parent":0,"menu_order":0,"comment_status":"closed","ping_status":"closed","template":"","meta":{"site-sidebar-layout":"default","site-content-layout":"","ast-site-content-layout":"default","site-content-style":"default","site-sidebar-style":"default","ast-global-header-display":"","ast-banner-title-visibility":"","ast-main-header-display":"","ast-hfb-above-header-display":"","ast-hfb-below-header-display":"","ast-hfb-mobile-header-display":"","site-post-title":"","ast-breadcrumbs-content":"","ast-featured-img":"","footer-sml-layout":"","ast-disable-related-posts":"","theme-transparent-header-meta":"","adv-header-id-meta":"","stick-header-meta":"","header-above-stick-meta":"","header-main-stick-meta":"","header-below-stick-meta":"","astra-migrate-meta-layouts":"default","ast-page-background-enabled":"default","ast-page-background-meta":{"desktop":{"background-color":"var(--ast-global-color-5)","background-image":"","background-repeat":"repeat","background-position":"center center","background-size":"auto","background-attachment":"scroll","background-type":"","background-media":"","overlay-type":"","overlay-color":"","overlay-opacity":"","overlay-gradient":""},"tablet":{"background-color":"","background-image":"","background-repeat":"repeat","background-position":"center center","background-size":"auto","background-attachment":"scroll","background-type":"","background-media":"","overlay-type":"","overlay-color":"","overlay-opacity":"","overlay-gradient":""},"mobile":{"background-color":"","background-image":"","background-repeat":"repeat","background-position":"center center","background-size":"auto","background-attachment":"scroll","background-type":"","background-media":"","overlay-type":"","overlay-color":"","overlay-opacity":"","overlay-gradient":""}},"ast-content-background-meta":{"desktop":{"background-color":"var(--ast-global-color-4)","background-image":"","background-repeat":"repeat","background-position":"center center","background-size":"auto","background-attachment":"scroll","background-type":"","background-media":"","overlay-type":"","overlay-color":"","overlay-opacity":"","overlay-gradient":""},"tablet":{"background-color":"var(--ast-global-color-4)","background-image":"","background-repeat":"repeat","background-position":"center center","background-size":"auto","background-attachment":"scroll","background-type":"","background-media":"","overlay-type":"","overlay-color":"","overlay-opacity":"","overlay-gradient":""},"mobile":{"background-color":"var(--ast-global-color-4)","background-image":"","background-repeat":"repeat","background-position":"center center","background-size":"auto","background-attachment":"scroll","background-type":"","background-media":"","overlay-type":"","overlay-color":"","overlay-opacity":"","overlay-gradient":""}},"footnotes":""},"class_list":["post-292","page","type-page","status-publish","hentry"],"_links":{"self":[{"href":"https:\/\/4bergemarsch.granitic.eu\/index.php?rest_route=\/wp\/v2\/pages\/292","targetHints":{"allow":["GET"]}}],"collection":[{"href":"https:\/\/4bergemarsch.granitic.eu\/index.php?rest_route=\/wp\/v2\/pages"}],"about":[{"href":"https:\/\/4bergemarsch.granitic.eu\/index.php?rest_route=\/wp\/v2\/types\/page"}],"author":[{"embeddable":true,"href":"https:\/\/4bergemarsch.granitic.eu\/index.php?rest_route=\/wp\/v2\/users\/2"}],"replies":[{"embeddable":true,"href":"https:\/\/4bergemarsch.granitic.eu\/index.php?rest_route=%2Fwp%2Fv2%2Fcomments&post=292"}],"version-history":[{"count":0,"href":"https:\/\/4bergemarsch.granitic.eu\/index.php?rest_route=\/wp\/v2\/pages\/292\/revisions"}],"wp:attachment":[{"href":"https:\/\/4bergemarsch.granitic.eu\/index.php?rest_route=%2Fwp%2Fv2%2Fmedia&parent=292"}],"curies":[{"name":"wp","href":"https:\/\/api.w.org\/{rel}","templated":true}]}}